{"id":1025,"date":"2024-11-14T20:34:39","date_gmt":"2024-11-14T19:34:39","guid":{"rendered":"https:\/\/www.marcolehner.at\/?page_id=1025"},"modified":"2025-03-05T09:47:41","modified_gmt":"2025-03-05T08:47:41","slug":"beruehrungskunst","status":"publish","type":"page","link":"https:\/\/www.marcolehner.at\/?page_id=1025","title":{"rendered":"Ber\u00fchrungskunst"},"content":{"rendered":"\n<figure class=\"wp-block-image size-full\"><img loading=\"lazy\" decoding=\"async\" width=\"1024\" height=\"768\" src=\"https:\/\/www.marcolehner.at\/wp-content\/uploads\/2024\/11\/1F4C9AA9-A3FA-4317-B728-F5CFE5A3279B_1_105_c.jpeg\" alt=\"\" class=\"wp-image-1026\" srcset=\"https:\/\/www.marcolehner.at\/wp-content\/uploads\/2024\/11\/1F4C9AA9-A3FA-4317-B728-F5CFE5A3279B_1_105_c.jpeg 1024w, https:\/\/www.marcolehner.at\/wp-content\/uploads\/2024\/11\/1F4C9AA9-A3FA-4317-B728-F5CFE5A3279B_1_105_c-300x225.jpeg 300w, https:\/\/www.marcolehner.at\/wp-content\/uploads\/2024\/11\/1F4C9AA9-A3FA-4317-B728-F5CFE5A3279B_1_105_c-768x576.jpeg 768w\" sizes=\"auto, (max-width: 709px) 85vw, (max-width: 909px) 67vw, (max-width: 1362px) 62vw, 840px\" \/><\/figure>\n\n\n\n<p>Bewusste Ber\u00fchrung in verkopften Zeiten ist ein Segen. Diese Erfahrung durfte ich vor vielen Jahren machen und bin schnurstracks in die <a href=\"https:\/\/www.hara-shiatsu.com\/\">Hara-Shiatsu-Akademie<\/a> von Tomas Nelissen gewandert um selbige Kunst zu lernen. Auch wenn ich mir inzwischen noch vieles mehr angeeignet habe, bin ich von dieser Magie, die ich g\u00e4nzlich untherapeutisch empfinde, sehr angetan. <\/p>\n\n\n\n<p>Der K\u00f6rper ist ein Palast f\u00fcr unseren Geist und unsere Seele, unsere Sinne oft \u00fcberreizt, versch\u00fcttet oder orientierungslos. Viele gut gemeinte Ratschl\u00e4ge oder Richtungen f\u00fcr eine Verbesserung unseres Denkens, F\u00fchlens und Wollens werden \u00fcber den Kopf analysiert und bewertet und verlieren schnell an Dauerhaftigkeit. Dazu f\u00e4llt mir noch ein Sinnspruch meines Musiklehrers Rik im Gymnasium ein:<\/p>\n\n\n\n<blockquote class=\"wp-block-quote is-layout-flow wp-block-quote-is-layout-flow\">\n<p>Musik allein ist die Weltsprache und braucht nicht \u00fcbersetzt zu werden.<\/p>\n<\/blockquote>\n\n\n\n<p>So \u00e4hnlich ist es auch in der Akupressur. Mit dem Vokabular der Meridiane und Akupunkturpunkte wird Poesie aus Leib, Seele und Geist.<\/p>\n\n\n<div class=\"wp-block-image\">\n<figure class=\"aligncenter size-thumbnail\"><img loading=\"lazy\" decoding=\"async\" width=\"150\" height=\"150\" src=\"https:\/\/www.marcolehner.at\/wp-content\/uploads\/2024\/11\/AFA32343-55AF-4160-958A-83976E7CBF9E_1_201_a-150x150.jpeg\" alt=\"\" class=\"wp-image-1030\" srcset=\"https:\/\/www.marcolehner.at\/wp-content\/uploads\/2024\/11\/AFA32343-55AF-4160-958A-83976E7CBF9E_1_201_a-150x150.jpeg 150w, https:\/\/www.marcolehner.at\/wp-content\/uploads\/2024\/11\/AFA32343-55AF-4160-958A-83976E7CBF9E_1_201_a-300x300.jpeg 300w, https:\/\/www.marcolehner.at\/wp-content\/uploads\/2024\/11\/AFA32343-55AF-4160-958A-83976E7CBF9E_1_201_a-1024x1024.jpeg 1024w, https:\/\/www.marcolehner.at\/wp-content\/uploads\/2024\/11\/AFA32343-55AF-4160-958A-83976E7CBF9E_1_201_a-768x768.jpeg 768w, https:\/\/www.marcolehner.at\/wp-content\/uploads\/2024\/11\/AFA32343-55AF-4160-958A-83976E7CBF9E_1_201_a-1536x1536.jpeg 1536w, https:\/\/www.marcolehner.at\/wp-content\/uploads\/2024\/11\/AFA32343-55AF-4160-958A-83976E7CBF9E_1_201_a-1200x1200.jpeg 1200w, https:\/\/www.marcolehner.at\/wp-content\/uploads\/2024\/11\/AFA32343-55AF-4160-958A-83976E7CBF9E_1_201_a.jpeg 1728w\" sizes=\"auto, (max-width: 150px) 85vw, 150px\" \/><\/figure>\n<\/div>\n\n\n<p>Terminanfragen bitte an <a href=\"mailto:atember@marcolehner.at\">atember@marcolehner.at<\/a><\/p>\n\n\n\n<p><\/p>\n","protected":false},"excerpt":{"rendered":"<p>Bewusste Ber\u00fchrung in verkopften Zeiten ist ein Segen. Diese Erfahrung durfte ich vor vielen Jahren machen und bin schnurstracks in die Hara-Shiatsu-Akademie von Tomas Nelissen gewandert um selbige Kunst zu lernen. Auch wenn ich mir inzwischen noch vieles mehr angeeignet habe, bin ich von dieser Magie, die ich g\u00e4nzlich untherapeutisch empfinde, sehr angetan. Der K\u00f6rper &hellip; <a href=\"https:\/\/www.marcolehner.at\/?page_id=1025\" class=\"more-link\"><span class=\"screen-reader-text\">\u201eBer\u00fchrungskunst\u201c <\/span>weiterlesen<\/a><\/p>\n","protected":false},"author":1,"featured_media":0,"parent":0,"menu_order":0,"comment_status":"closed","ping_status":"closed","template":"","meta":{"footnotes":""},"class_list":["post-1025","page","type-page","status-publish","hentry"],"_links":{"self":[{"href":"https:\/\/www.marcolehner.at\/index.php?rest_route=\/wp\/v2\/pages\/1025","targetHints":{"allow":["GET"]}}],"collection":[{"href":"https:\/\/www.marcolehner.at\/index.php?rest_route=\/wp\/v2\/pages"}],"about":[{"href":"https:\/\/www.marcolehner.at\/index.php?rest_route=\/wp\/v2\/types\/page"}],"author":[{"embeddable":true,"href":"https:\/\/www.marcolehner.at\/index.php?rest_route=\/wp\/v2\/users\/1"}],"replies":[{"embeddable":true,"href":"https:\/\/www.marcolehner.at\/index.php?rest_route=%2Fwp%2Fv2%2Fcomments&post=1025"}],"version-history":[{"count":7,"href":"https:\/\/www.marcolehner.at\/index.php?rest_route=\/wp\/v2\/pages\/1025\/revisions"}],"predecessor-version":[{"id":1147,"href":"https:\/\/www.marcolehner.at\/index.php?rest_route=\/wp\/v2\/pages\/1025\/revisions\/1147"}],"wp:attachment":[{"href":"https:\/\/www.marcolehner.at\/index.php?rest_route=%2Fwp%2Fv2%2Fmedia&parent=1025"}],"curies":[{"name":"wp","href":"https:\/\/api.w.org\/{rel}","templated":true}]}}