{"id":1128,"date":"2025-03-04T21:04:38","date_gmt":"2025-03-04T20:04:38","guid":{"rendered":"https:\/\/www.marcolehner.at\/?page_id=1128"},"modified":"2025-03-06T14:00:41","modified_gmt":"2025-03-06T13:00:41","slug":"der-weg-des-kuenstlers","status":"publish","type":"page","link":"https:\/\/www.marcolehner.at\/?page_id=1128","title":{"rendered":"Der Weg des K\u00fcnstlers"},"content":{"rendered":"\n<p>ein 13-w\u00f6chiger Kurs mit w\u00f6chentlichen Treffen, \u00dcbungen und Anleitungen<br>zur Entdeckung Deiner K\u00fcnstlerseele nach der Idee von Julia Cameron<\/p>\n\n\n\n<p>(1) 4. April bis 27. Juni 2025<\/p>\n\n\n\n<p>(2) 5. September bis 28. November 2025<\/p>\n\n\n\n<p>immer freitags, 16.30 &#8211; 19.30<\/p>\n\n\n\n<p>Der Ort wird noch bekanntgegeben. Die Teilnehmerzahl ist auf f\u00fcnf beschr\u00e4nkt.<\/p>\n\n\n\n<p>F\u00fcr Deine Fragen und zum Kennenlernen melde Dich bitte bei mir unter atember@marcolehner.at oder 0681\/10740047<\/p>\n\n\n\n<p><\/p>\n","protected":false},"excerpt":{"rendered":"<p>ein 13-w\u00f6chiger Kurs mit w\u00f6chentlichen Treffen, \u00dcbungen und Anleitungenzur Entdeckung Deiner K\u00fcnstlerseele nach der Idee von Julia Cameron (1) 4. April bis 27. Juni 2025 (2) 5. September bis 28. November 2025 immer freitags, 16.30 &#8211; 19.30 Der Ort wird noch bekanntgegeben. Die Teilnehmerzahl ist auf f\u00fcnf beschr\u00e4nkt. F\u00fcr Deine Fragen und zum Kennenlernen melde &hellip; <a href=\"https:\/\/www.marcolehner.at\/?page_id=1128\" class=\"more-link\"><span class=\"screen-reader-text\">\u201eDer Weg des K\u00fcnstlers\u201c <\/span>weiterlesen<\/a><\/p>\n","protected":false},"author":1,"featured_media":0,"parent":0,"menu_order":0,"comment_status":"closed","ping_status":"closed","template":"","meta":{"footnotes":""},"class_list":["post-1128","page","type-page","status-publish","hentry"],"_links":{"self":[{"href":"https:\/\/www.marcolehner.at\/index.php?rest_route=\/wp\/v2\/pages\/1128","targetHints":{"allow":["GET"]}}],"collection":[{"href":"https:\/\/www.marcolehner.at\/index.php?rest_route=\/wp\/v2\/pages"}],"about":[{"href":"https:\/\/www.marcolehner.at\/index.php?rest_route=\/wp\/v2\/types\/page"}],"author":[{"embeddable":true,"href":"https:\/\/www.marcolehner.at\/index.php?rest_route=\/wp\/v2\/users\/1"}],"replies":[{"embeddable":true,"href":"https:\/\/www.marcolehner.at\/index.php?rest_route=%2Fwp%2Fv2%2Fcomments&post=1128"}],"version-history":[{"count":4,"href":"https:\/\/www.marcolehner.at\/index.php?rest_route=\/wp\/v2\/pages\/1128\/revisions"}],"predecessor-version":[{"id":1152,"href":"https:\/\/www.marcolehner.at\/index.php?rest_route=\/wp\/v2\/pages\/1128\/revisions\/1152"}],"wp:attachment":[{"href":"https:\/\/www.marcolehner.at\/index.php?rest_route=%2Fwp%2Fv2%2Fmedia&parent=1128"}],"curies":[{"name":"wp","href":"https:\/\/api.w.org\/{rel}","templated":true}]}}