{"id":1215,"date":"2025-09-24T11:13:31","date_gmt":"2025-09-24T09:13:31","guid":{"rendered":"https:\/\/www.marcolehner.at\/?page_id=1215"},"modified":"2025-10-13T15:57:50","modified_gmt":"2025-10-13T13:57:50","slug":"schoepferische-stille","status":"publish","type":"page","link":"https:\/\/www.marcolehner.at\/","title":{"rendered":"&#8230;"},"content":{"rendered":"\n<figure class=\"wp-block-image size-large\"><img loading=\"lazy\" decoding=\"async\" width=\"1024\" height=\"665\" src=\"https:\/\/www.marcolehner.at\/wp-content\/uploads\/2025\/09\/Bildschirmfoto-2025-09-24-um-11.08.27-1024x665.png\" alt=\"\" class=\"wp-image-1216\" srcset=\"https:\/\/www.marcolehner.at\/wp-content\/uploads\/2025\/09\/Bildschirmfoto-2025-09-24-um-11.08.27-1024x665.png 1024w, https:\/\/www.marcolehner.at\/wp-content\/uploads\/2025\/09\/Bildschirmfoto-2025-09-24-um-11.08.27-300x195.png 300w, https:\/\/www.marcolehner.at\/wp-content\/uploads\/2025\/09\/Bildschirmfoto-2025-09-24-um-11.08.27-768x498.png 768w, https:\/\/www.marcolehner.at\/wp-content\/uploads\/2025\/09\/Bildschirmfoto-2025-09-24-um-11.08.27-1536x997.png 1536w, https:\/\/www.marcolehner.at\/wp-content\/uploads\/2025\/09\/Bildschirmfoto-2025-09-24-um-11.08.27-1200x779.png 1200w, https:\/\/www.marcolehner.at\/wp-content\/uploads\/2025\/09\/Bildschirmfoto-2025-09-24-um-11.08.27.png 1846w\" sizes=\"auto, (max-width: 709px) 85vw, (max-width: 909px) 67vw, (max-width: 1362px) 62vw, 840px\" \/><\/figure>\n\n\n\n<p class=\"has-text-align-center\">Gemeinsam begeben wir uns jeder f\u00fcr sich auf die Suche nach seiner eigenen sch\u00f6pferischen Stille. Mit Stiften, Kreiden, Tuschen, etc. spielen wir uns naiv, mutig, erwartungs- los &amp; abenteuerlich an unser pers\u00f6nliches Farb- &amp; Formf\u00fchlen heran. Erkenntnisse und Leichtigkeit garantiert.<\/p>\n\n\n\n<p class=\"has-text-align-center\">jeden dritten Montag im Monat von 18.30 bis 20.00<br>im Waldorf-Kindergarten Nord <br>H\u00f6lderlinstra\u00dfe 23, 4040 Linz<br>f\u00fcr bis zu 8 Menschen<\/p>\n\n\n\n<p class=\"has-text-align-center\"><br>F\u00fcr Material, Umgebung &amp; Inspiration <br>wird zu einem Unkostenbeitrag von 10.- gesorgt. <br>Anmeldung verbindlich unter <br><strong><a href=\"mailto:schtille@marcolehner.at\">schtille@marcolehner.at<\/a><\/strong><\/p>\n","protected":false},"excerpt":{"rendered":"<p>Gemeinsam begeben wir uns jeder f\u00fcr sich auf die Suche nach seiner eigenen sch\u00f6pferischen Stille. Mit Stiften, Kreiden, Tuschen, etc. spielen wir uns naiv, mutig, erwartungs- los &amp; abenteuerlich an unser pers\u00f6nliches Farb- &amp; Formf\u00fchlen heran. Erkenntnisse und Leichtigkeit garantiert. jeden dritten Montag im Monat von 18.30 bis 20.00im Waldorf-Kindergarten Nord H\u00f6lderlinstra\u00dfe 23, 4040 Linzf\u00fcr &hellip; <a href=\"https:\/\/www.marcolehner.at\/\" class=\"more-link\"><span class=\"screen-reader-text\">\u201e&#8230;\u201c <\/span>weiterlesen<\/a><\/p>\n","protected":false},"author":1,"featured_media":0,"parent":0,"menu_order":0,"comment_status":"closed","ping_status":"closed","template":"","meta":{"footnotes":""},"class_list":["post-1215","page","type-page","status-publish","hentry"],"_links":{"self":[{"href":"https:\/\/www.marcolehner.at\/index.php?rest_route=\/wp\/v2\/pages\/1215","targetHints":{"allow":["GET"]}}],"collection":[{"href":"https:\/\/www.marcolehner.at\/index.php?rest_route=\/wp\/v2\/pages"}],"about":[{"href":"https:\/\/www.marcolehner.at\/index.php?rest_route=\/wp\/v2\/types\/page"}],"author":[{"embeddable":true,"href":"https:\/\/www.marcolehner.at\/index.php?rest_route=\/wp\/v2\/users\/1"}],"replies":[{"embeddable":true,"href":"https:\/\/www.marcolehner.at\/index.php?rest_route=%2Fwp%2Fv2%2Fcomments&post=1215"}],"version-history":[{"count":2,"href":"https:\/\/www.marcolehner.at\/index.php?rest_route=\/wp\/v2\/pages\/1215\/revisions"}],"predecessor-version":[{"id":1228,"href":"https:\/\/www.marcolehner.at\/index.php?rest_route=\/wp\/v2\/pages\/1215\/revisions\/1228"}],"wp:attachment":[{"href":"https:\/\/www.marcolehner.at\/index.php?rest_route=%2Fwp%2Fv2%2Fmedia&parent=1215"}],"curies":[{"name":"wp","href":"https:\/\/api.w.org\/{rel}","templated":true}]}}